{"id":123,"date":"2019-04-03T11:04:59","date_gmt":"2019-04-03T09:04:59","guid":{"rendered":"http:\/\/accueilfolbons.fr\/?page_id=123"},"modified":"2025-11-06T11:55:53","modified_gmt":"2025-11-06T10:55:53","slug":"documents-a-telecharger","status":"publish","type":"page","link":"https:\/\/accueilfolbons.fr\/?page_id=123","title":{"rendered":"Documents \u00e0 t\u00e9l\u00e9charger"},"content":{"rendered":"<p><span style=\"font-size: 14pt;\">Les documents constituant le dossier et le r\u00e8glement <em>(par ch\u00e8que ou esp\u00e8ces, en faisant l&#8217;appoint)<\/em> doivent \u00eatre remis au secr\u00e9tariat, <strong><span style=\"color: #ff0000;\">sur rendez vous uniquement<\/span><\/strong>.<\/span><\/p>\n<p>&nbsp;<\/p>\n<p><span style=\"font-size: 14pt;\"><strong><span style=\"color: #ff9900;\">Merci de bien lire le <\/span><span style=\"color: #ff9900;\">r\u00e8glement int\u00e9rieur<\/span><span style=\"color: #ff9900;\"> pour prendre connaissance des changements qui entrent en vigueur \u00e0 la rentr\u00e9e 2025\/2026.<\/span><\/strong><\/span><\/p>\n<p>&nbsp;<\/p>\n<p><span style=\"font-size: 14pt;\">Voici la liste des documents pouvant \u00eatre t\u00e9l\u00e9charg\u00e9s :<\/span><\/p>\n<p>&nbsp;<\/p>\n<ul>\n<li><span style=\"color: #0000ff; font-size: 21px;\"><a style=\"color: #0000ff;\" href=\"http:\/\/accueilfolbons.fr\/wp-content\/uploads\/2025\/07\/Liste-documents-a-fournir.pdf\">Liste documents \u00e0 fournir<\/a><\/span><\/li>\n<li><span style=\"font-size: 21px;\"><span style=\"color: #0000ff;\"><a style=\"color: #0000ff;\" href=\"http:\/\/accueilfolbons.fr\/wp-content\/uploads\/2022\/06\/Acceptation-du-reglement-interieur.pdf\" target=\"_blank\" rel=\"noopener\">Acceptation du r\u00e8glement int\u00e9rieur<\/a><\/span><\/span><\/li>\n<li><span style=\"font-size: 21px; color: #0000ff;\"><a style=\"color: #0000ff;\" href=\"http:\/\/accueilfolbons.fr\/wp-content\/uploads\/2024\/06\/Tarifs-2024-2025.pdf\" target=\"_blank\" rel=\"noopener\">Tarifs<\/a><\/span><\/li>\n<li><a href=\"http:\/\/accueilfolbons.fr\/wp-content\/uploads\/2025\/11\/Reglement-interieur-2025-2026.pdf\"><span style=\"font-size: 21px;\">R\u00e8glement int\u00e9rieur 2025-2026<\/span><\/a><\/li>\n<\/ul>\n<p>&nbsp;<\/p>\n<p><span style=\"font-size: 14pt;\">Une inscription ne sera valid\u00e9e que si le dossier est<strong> complet<\/strong>, et que les cotisations sont \u00e0 jour.<\/span><\/p>\n<p>&nbsp;<\/p>\n<p>&nbsp;<\/p>\n","protected":false},"excerpt":{"rendered":"<p>Les documents constituant le dossier et le r\u00e8glement (par ch\u00e8que ou esp\u00e8ces, en faisant l&#8217;appoint) doivent \u00eatre remis au secr\u00e9tariat, sur rendez vous uniquement. &nbsp; Merci de bien lire le r\u00e8glement int\u00e9rieur pour prendre connaissance des changements qui entrent en vigueur \u00e0 la rentr\u00e9e 2025\/2026. &nbsp; Voici la liste des documents pouvant \u00eatre t\u00e9l\u00e9charg\u00e9s : [&hellip;]<\/p>\n","protected":false},"author":1,"featured_media":0,"parent":0,"menu_order":0,"comment_status":"closed","ping_status":"closed","template":"","meta":{"_monsterinsights_skip_tracking":false,"_monsterinsights_sitenote_active":false,"_monsterinsights_sitenote_note":"","_monsterinsights_sitenote_category":0,"footnotes":""},"class_list":["post-123","page","type-page","status-publish","hentry"],"yoast_head":"<!-- This site is optimized with the Yoast SEO plugin v16.4 - https:\/\/yoast.com\/wordpress\/plugins\/seo\/ -->\n<title>Documents \u00e0 t\u00e9l\u00e9charger - Accueil de Loisirs de Bons<\/title>\n<meta name=\"robots\" content=\"index, follow, max-snippet:-1, max-image-preview:large, max-video-preview:-1\" \/>\n<link rel=\"canonical\" href=\"https:\/\/accueilfolbons.fr\/?page_id=123\" \/>\n<meta property=\"og:locale\" content=\"en_US\" \/>\n<meta property=\"og:type\" content=\"article\" \/>\n<meta property=\"og:title\" content=\"Documents \u00e0 t\u00e9l\u00e9charger - Accueil de Loisirs de Bons\" \/>\n<meta property=\"og:description\" content=\"Les documents constituant le dossier et le r\u00e8glement (par ch\u00e8que ou esp\u00e8ces, en faisant l&#8217;appoint) doivent \u00eatre remis au secr\u00e9tariat, sur rendez vous uniquement. &nbsp; Merci de bien lire le r\u00e8glement int\u00e9rieur pour prendre connaissance des changements qui entrent en vigueur \u00e0 la rentr\u00e9e 2025\/2026. &nbsp; Voici la liste des documents pouvant \u00eatre t\u00e9l\u00e9charg\u00e9s : [&hellip;]\" \/>\n<meta property=\"og:url\" content=\"https:\/\/accueilfolbons.fr\/?page_id=123\" \/>\n<meta property=\"og:site_name\" content=\"Accueil de Loisirs de Bons\" \/>\n<meta property=\"article:modified_time\" content=\"2025-11-06T10:55:53+00:00\" \/>\n<meta name=\"twitter:card\" content=\"summary_large_image\" \/>\n<meta name=\"twitter:label1\" content=\"Est. reading time\" \/>\n\t<meta name=\"twitter:data1\" content=\"1 minute\" \/>\n<script type=\"application\/ld+json\" class=\"yoast-schema-graph\">{\"@context\":\"https:\/\/schema.org\",\"@graph\":[{\"@type\":\"Organization\",\"@id\":\"https:\/\/accueilfolbons.fr\/#organization\",\"name\":\"FOL Bons en Chablais\",\"url\":\"https:\/\/accueilfolbons.fr\/\",\"sameAs\":[],\"logo\":{\"@type\":\"ImageObject\",\"@id\":\"https:\/\/accueilfolbons.fr\/#logo\",\"inLanguage\":\"en-US\",\"url\":\"http:\/\/accueilfolbons.fr\/wp-content\/uploads\/2019\/03\/Logo-FOL-Bons-en-Chablais-2.jpg\",\"contentUrl\":\"http:\/\/accueilfolbons.fr\/wp-content\/uploads\/2019\/03\/Logo-FOL-Bons-en-Chablais-2.jpg\",\"width\":539,\"height\":525,\"caption\":\"FOL Bons en Chablais\"},\"image\":{\"@id\":\"https:\/\/accueilfolbons.fr\/#logo\"}},{\"@type\":\"WebSite\",\"@id\":\"https:\/\/accueilfolbons.fr\/#website\",\"url\":\"https:\/\/accueilfolbons.fr\/\",\"name\":\"Accueil de Loisirs de Bons\",\"description\":\"P\\u00e9riscolaire - Extrascolaire - Temps M\\u00e9ridien\",\"publisher\":{\"@id\":\"https:\/\/accueilfolbons.fr\/#organization\"},\"inLanguage\":\"en-US\"},{\"@type\":\"WebPage\",\"@id\":\"https:\/\/accueilfolbons.fr\/?page_id=123#webpage\",\"url\":\"https:\/\/accueilfolbons.fr\/?page_id=123\",\"name\":\"Documents \\u00e0 t\\u00e9l\\u00e9charger - Accueil de Loisirs de Bons\",\"isPartOf\":{\"@id\":\"https:\/\/accueilfolbons.fr\/#website\"},\"datePublished\":\"2019-04-03T09:04:59+00:00\",\"dateModified\":\"2025-11-06T10:55:53+00:00\",\"breadcrumb\":{\"@id\":\"https:\/\/accueilfolbons.fr\/?page_id=123#breadcrumb\"},\"inLanguage\":\"en-US\",\"potentialAction\":[{\"@type\":\"ReadAction\",\"target\":[\"https:\/\/accueilfolbons.fr\/?page_id=123\"]}]},{\"@type\":\"BreadcrumbList\",\"@id\":\"https:\/\/accueilfolbons.fr\/?page_id=123#breadcrumb\",\"itemListElement\":[{\"@type\":\"ListItem\",\"position\":1,\"item\":{\"@type\":\"WebPage\",\"@id\":\"https:\/\/accueilfolbons.fr\/\",\"url\":\"https:\/\/accueilfolbons.fr\/\",\"name\":\"Accueil\"}},{\"@type\":\"ListItem\",\"position\":2,\"item\":{\"@id\":\"https:\/\/accueilfolbons.fr\/?page_id=123#webpage\"}}]}]}<\/script>\n<!-- \/ Yoast SEO plugin. -->","_links":{"self":[{"href":"https:\/\/accueilfolbons.fr\/index.php?rest_route=\/wp\/v2\/pages\/123","targetHints":{"allow":["GET"]}}],"collection":[{"href":"https:\/\/accueilfolbons.fr\/index.php?rest_route=\/wp\/v2\/pages"}],"about":[{"href":"https:\/\/accueilfolbons.fr\/index.php?rest_route=\/wp\/v2\/types\/page"}],"author":[{"embeddable":true,"href":"https:\/\/accueilfolbons.fr\/index.php?rest_route=\/wp\/v2\/users\/1"}],"replies":[{"embeddable":true,"href":"https:\/\/accueilfolbons.fr\/index.php?rest_route=%2Fwp%2Fv2%2Fcomments&post=123"}],"version-history":[{"count":47,"href":"https:\/\/accueilfolbons.fr\/index.php?rest_route=\/wp\/v2\/pages\/123\/revisions"}],"predecessor-version":[{"id":1807,"href":"https:\/\/accueilfolbons.fr\/index.php?rest_route=\/wp\/v2\/pages\/123\/revisions\/1807"}],"wp:attachment":[{"href":"https:\/\/accueilfolbons.fr\/index.php?rest_route=%2Fwp%2Fv2%2Fmedia&parent=123"}],"curies":[{"name":"wp","href":"https:\/\/api.w.org\/{rel}","templated":true}]}}