{"id":139,"date":"2019-04-03T11:40:19","date_gmt":"2019-04-03T09:40:19","guid":{"rendered":"http:\/\/accueilfolbons.fr\/?page_id=139"},"modified":"2026-04-02T14:57:49","modified_gmt":"2026-04-02T12:57:49","slug":"contact","status":"publish","type":"page","link":"https:\/\/accueilfolbons.fr\/?page_id=139","title":{"rendered":"Contact et Acc\u00e8s"},"content":{"rendered":"<p><span style=\"font-family: times new roman, times, serif; font-size: 14pt;\"><strong>Contacts utiles<br \/>\n<\/strong><\/span><\/p>\n<p>&nbsp;<\/p>\n<ul style=\"list-style-type: square;\">\n<li><span style=\"font-family: times new roman, times, serif; font-size: 14pt;\"><strong>Le secr\u00e9tariat : <\/strong><\/span><\/li>\n<\/ul>\n<p><span style=\"font-family: times new roman, times, serif; font-size: 14pt;\">\u00a0\u00a0\u00a0\u00a0\u00a0\u00a0\u00a0 Esmeralda<br \/>\n<\/span><\/p>\n<p><span style=\"font-size: 14pt; font-family: times new roman, times, serif;\">\u00a0\u00a0\u00a0\u00a0\u00a0\u00a0 \u00a0 &#8211; T\u00e9l\u00e9phone : 09.81.36.78.49<\/span><br \/>\n<span style=\"font-size: 14pt; font-family: times new roman, times, serif;\">\u00a0\u00a0\u00a0\u00a0\u00a0 \u00a0\u00a0 &#8211; Mail : bonsinfos@fol74.org<\/span><\/p>\n<ul>\n<li style=\"list-style-type: none;\">\n<ul style=\"list-style-type: circle;\">\n<li><span style=\"font-size: 14pt; font-family: times new roman, times, serif;\">Accueil Physique : <em><span style=\"text-decoration: underline;\">uniquement sur rendez-vous<\/span> <\/em><\/span><\/li>\n<li><span style=\"font-family: times new roman, times, serif; font-size: 14pt;\"><strong>Accueil t\u00e9l\u00e9phonique<\/strong> :<\/span><\/li>\n<\/ul>\n<\/li>\n<\/ul>\n<ul>\n<li><span style=\"font-family: times new roman, times, serif; font-size: 14pt;\"><span style=\"text-decoration: underline;\">P\u00e9riodes scolaires:<br \/>\n<\/span>&#8211; Lundi : 8h30 \u00e0 12h00 &#8211; 13h00 \u00e0 17h00<\/span><br \/>\n<span style=\"font-family: times new roman, times, serif; font-size: 14pt;\">&#8211; Mardi : 8h30 \u00e0 12h00 &#8211; 13h00 \u00e0 18h00<\/span><br \/>\n<span style=\"font-family: times new roman, times, serif; font-size: 14pt;\">&#8211; Mercredi : <strong>Ferm\u00e9 mais disponible par mail<\/strong><\/span><br \/>\n<span style=\"font-family: times new roman, times, serif; font-size: 14pt;\">&#8211; Jeudi : 8h30 \u00e0 12h00 &#8211; 13h00 \u00e0 18h00<\/span><br \/>\n<span style=\"font-family: times new roman, times, serif; font-size: 14pt;\">&#8211; Vendredi : 8h30 \u00e0 12h00 &#8211; 13h00 \u00e0 16h00<\/span><\/li>\n<\/ul>\n<p>&nbsp;<\/p>\n<ul>\n<li><span style=\"font-family: times new roman, times, serif; font-size: 14pt;\"><span style=\"text-decoration: underline;\">P\u00e9riodes vacances scolaires<\/span>:<\/span><br \/>\n<span style=\"font-family: times new roman, times, serif; font-size: 14pt;\">&#8211; Lundi : 9h00 \u00e0 12h00 &#8211; 13h00 \u00e0 17h00<\/span><br \/>\n<span style=\"font-family: times new roman, times, serif; font-size: 14pt;\">&#8211; Mardi : 9h00 \u00e0 12h00 &#8211; 13h00 \u00e0 17h00<\/span><br \/>\n<span style=\"font-family: times new roman, times, serif; font-size: 14pt;\">&#8211; Mercredi : 9h00 \u00e0 12h00 &#8211; 13h00 \u00e0 17h00<\/span><br \/>\n<span style=\"font-family: times new roman, times, serif; font-size: 14pt;\">&#8211; Jeudi : 9h00 \u00e0 12h00 &#8211; 13h00 \u00e0 17h00<\/span><br \/>\n<span style=\"font-family: times new roman, times, serif; font-size: 14pt;\">&#8211; Vendredi : 9h00 \u00e0 12h00<\/span><\/li>\n<\/ul>\n<p>&nbsp;<\/p>\n<ul style=\"list-style-type: square;\">\n<li><span style=\"font-family: times new roman, times, serif; font-size: 14pt;\"><strong>L&#8217;Accueil de Loisirs<\/strong> <strong>:<\/strong> (P\u00e9riscolaire et extrascolaire)<br \/>\n&#8211; Maternelle Chef Lieu : 07.54.38.93.27<br \/>\n&#8211; Primaire : 07.54.38.92.04<\/span><br \/>\n<span style=\"font-size: 14pt; font-family: times new roman, times, serif;\"><em>Merci de ne pas laisser de messages vocaux ou de SMS sur ces num\u00e9ros, ils ne seront pas consult\u00e9s.<\/em><\/span><\/li>\n<\/ul>\n<p>&nbsp;<\/p>\n<ul>\n<li><strong>Adjointe p\u00e9dagogique : <\/strong><strong>Ga\u00eblle Carobbio au 07.64.46.81.87<\/strong><\/li>\n<\/ul>\n<p>&nbsp;<\/p>\n<ul>\n<li><span style=\"font-family: times new roman, times, serif; font-size: 14pt;\"><strong>La Direction :<\/strong><\/span><\/li>\n<\/ul>\n<p><span style=\"font-size: 14pt; font-family: times new roman, times, serif;\">\u00a0\u00a0\u00a0\u00a0\u00a0\u00a0\u00a0 Steven RAMELIJAONA, Directeur des Accueils<\/span><\/p>\n<p><span style=\"font-size: 14pt; font-family: times new roman, times, serif;\">\u00a0\u00a0\u00a0\u00a0\u00a0\u00a0\u00a0\u00a0 &#8211; T\u00e9l\u00e9phone : 09.81.36.78.49<\/span><br \/>\n<span style=\"font-size: 14pt; font-family: times new roman, times, serif;\">\u00a0\u00a0\u00a0\u00a0\u00a0\u00a0\u00a0\u00a0 &#8211; Portable : 07.71.60.16.34 <\/span><br \/>\n<span style=\"font-size: 14pt; font-family: times new roman, times, serif;\">\u00a0\u00a0\u00a0\u00a0\u00a0\u00a0\u00a0\u00a0 &#8211; Mail : direction.bons@fol74.org<\/span><\/p>\n<p>&nbsp;<\/p>\n<p>&nbsp;<\/p>\n<p>&nbsp;<\/p>\n","protected":false},"excerpt":{"rendered":"<p>Contacts utiles &nbsp; Le secr\u00e9tariat : \u00a0\u00a0\u00a0\u00a0\u00a0\u00a0\u00a0 Esmeralda \u00a0\u00a0\u00a0\u00a0\u00a0\u00a0 \u00a0 &#8211; T\u00e9l\u00e9phone : 09.81.36.78.49 \u00a0\u00a0\u00a0\u00a0\u00a0 \u00a0\u00a0 &#8211; Mail : bonsinfos@fol74.org Accueil Physique : uniquement sur rendez-vous Accueil t\u00e9l\u00e9phonique : P\u00e9riodes scolaires: &#8211; Lundi : 8h30 \u00e0 12h00 &#8211; 13h00 \u00e0 17h00 &#8211; Mardi : 8h30 \u00e0 12h00 &#8211; 13h00 \u00e0 18h00 &#8211; Mercredi : Ferm\u00e9 [&hellip;]<\/p>\n","protected":false},"author":1,"featured_media":0,"parent":0,"menu_order":0,"comment_status":"closed","ping_status":"closed","template":"","meta":{"_monsterinsights_skip_tracking":false,"_monsterinsights_sitenote_active":false,"_monsterinsights_sitenote_note":"","_monsterinsights_sitenote_category":0,"footnotes":""},"class_list":["post-139","page","type-page","status-publish","hentry"],"yoast_head":"<!-- This site is optimized with the Yoast SEO plugin v16.4 - https:\/\/yoast.com\/wordpress\/plugins\/seo\/ -->\n<title>Contact et Acc\u00e8s - Accueil de Loisirs de Bons<\/title>\n<meta name=\"robots\" content=\"index, follow, max-snippet:-1, max-image-preview:large, max-video-preview:-1\" \/>\n<link rel=\"canonical\" href=\"https:\/\/accueilfolbons.fr\/?page_id=139\" \/>\n<meta property=\"og:locale\" content=\"en_US\" \/>\n<meta property=\"og:type\" content=\"article\" \/>\n<meta property=\"og:title\" content=\"Contact et Acc\u00e8s - Accueil de Loisirs de Bons\" \/>\n<meta property=\"og:description\" content=\"Contacts utiles &nbsp; Le secr\u00e9tariat : \u00a0\u00a0\u00a0\u00a0\u00a0\u00a0\u00a0 Esmeralda \u00a0\u00a0\u00a0\u00a0\u00a0\u00a0 \u00a0 &#8211; T\u00e9l\u00e9phone : 09.81.36.78.49 \u00a0\u00a0\u00a0\u00a0\u00a0 \u00a0\u00a0 &#8211; Mail : bonsinfos@fol74.org Accueil Physique : uniquement sur rendez-vous Accueil t\u00e9l\u00e9phonique : P\u00e9riodes scolaires: &#8211; Lundi : 8h30 \u00e0 12h00 &#8211; 13h00 \u00e0 17h00 &#8211; Mardi : 8h30 \u00e0 12h00 &#8211; 13h00 \u00e0 18h00 &#8211; Mercredi : Ferm\u00e9 [&hellip;]\" \/>\n<meta property=\"og:url\" content=\"https:\/\/accueilfolbons.fr\/?page_id=139\" \/>\n<meta property=\"og:site_name\" content=\"Accueil de Loisirs de Bons\" \/>\n<meta property=\"article:modified_time\" content=\"2026-04-02T12:57:49+00:00\" \/>\n<meta name=\"twitter:card\" content=\"summary_large_image\" \/>\n<meta name=\"twitter:label1\" content=\"Est. reading time\" \/>\n\t<meta name=\"twitter:data1\" content=\"1 minute\" \/>\n<script type=\"application\/ld+json\" class=\"yoast-schema-graph\">{\"@context\":\"https:\/\/schema.org\",\"@graph\":[{\"@type\":\"Organization\",\"@id\":\"https:\/\/accueilfolbons.fr\/#organization\",\"name\":\"FOL Bons en Chablais\",\"url\":\"https:\/\/accueilfolbons.fr\/\",\"sameAs\":[],\"logo\":{\"@type\":\"ImageObject\",\"@id\":\"https:\/\/accueilfolbons.fr\/#logo\",\"inLanguage\":\"en-US\",\"url\":\"http:\/\/accueilfolbons.fr\/wp-content\/uploads\/2019\/03\/Logo-FOL-Bons-en-Chablais-2.jpg\",\"contentUrl\":\"http:\/\/accueilfolbons.fr\/wp-content\/uploads\/2019\/03\/Logo-FOL-Bons-en-Chablais-2.jpg\",\"width\":539,\"height\":525,\"caption\":\"FOL Bons en Chablais\"},\"image\":{\"@id\":\"https:\/\/accueilfolbons.fr\/#logo\"}},{\"@type\":\"WebSite\",\"@id\":\"https:\/\/accueilfolbons.fr\/#website\",\"url\":\"https:\/\/accueilfolbons.fr\/\",\"name\":\"Accueil de Loisirs de Bons\",\"description\":\"P\\u00e9riscolaire - Extrascolaire - Temps M\\u00e9ridien\",\"publisher\":{\"@id\":\"https:\/\/accueilfolbons.fr\/#organization\"},\"inLanguage\":\"en-US\"},{\"@type\":\"WebPage\",\"@id\":\"https:\/\/accueilfolbons.fr\/?page_id=139#webpage\",\"url\":\"https:\/\/accueilfolbons.fr\/?page_id=139\",\"name\":\"Contact et Acc\\u00e8s - Accueil de Loisirs de Bons\",\"isPartOf\":{\"@id\":\"https:\/\/accueilfolbons.fr\/#website\"},\"datePublished\":\"2019-04-03T09:40:19+00:00\",\"dateModified\":\"2026-04-02T12:57:49+00:00\",\"breadcrumb\":{\"@id\":\"https:\/\/accueilfolbons.fr\/?page_id=139#breadcrumb\"},\"inLanguage\":\"en-US\",\"potentialAction\":[{\"@type\":\"ReadAction\",\"target\":[\"https:\/\/accueilfolbons.fr\/?page_id=139\"]}]},{\"@type\":\"BreadcrumbList\",\"@id\":\"https:\/\/accueilfolbons.fr\/?page_id=139#breadcrumb\",\"itemListElement\":[{\"@type\":\"ListItem\",\"position\":1,\"item\":{\"@type\":\"WebPage\",\"@id\":\"https:\/\/accueilfolbons.fr\/\",\"url\":\"https:\/\/accueilfolbons.fr\/\",\"name\":\"Accueil\"}},{\"@type\":\"ListItem\",\"position\":2,\"item\":{\"@id\":\"https:\/\/accueilfolbons.fr\/?page_id=139#webpage\"}}]}]}<\/script>\n<!-- \/ Yoast SEO plugin. -->","_links":{"self":[{"href":"https:\/\/accueilfolbons.fr\/index.php?rest_route=\/wp\/v2\/pages\/139","targetHints":{"allow":["GET"]}}],"collection":[{"href":"https:\/\/accueilfolbons.fr\/index.php?rest_route=\/wp\/v2\/pages"}],"about":[{"href":"https:\/\/accueilfolbons.fr\/index.php?rest_route=\/wp\/v2\/types\/page"}],"author":[{"embeddable":true,"href":"https:\/\/accueilfolbons.fr\/index.php?rest_route=\/wp\/v2\/users\/1"}],"replies":[{"embeddable":true,"href":"https:\/\/accueilfolbons.fr\/index.php?rest_route=%2Fwp%2Fv2%2Fcomments&post=139"}],"version-history":[{"count":37,"href":"https:\/\/accueilfolbons.fr\/index.php?rest_route=\/wp\/v2\/pages\/139\/revisions"}],"predecessor-version":[{"id":1890,"href":"https:\/\/accueilfolbons.fr\/index.php?rest_route=\/wp\/v2\/pages\/139\/revisions\/1890"}],"wp:attachment":[{"href":"https:\/\/accueilfolbons.fr\/index.php?rest_route=%2Fwp%2Fv2%2Fmedia&parent=139"}],"curies":[{"name":"wp","href":"https:\/\/api.w.org\/{rel}","templated":true}]}}