{"id":2,"date":"2019-03-08T15:00:43","date_gmt":"2019-03-08T14:00:43","guid":{"rendered":"http:\/\/accueilfolbons.fr\/?page_id=2"},"modified":"2025-09-05T11:41:14","modified_gmt":"2025-09-05T09:41:14","slug":"page-d-exemple","status":"publish","type":"page","link":"https:\/\/accueilfolbons.fr\/?page_id=2","title":{"rendered":"Horaires et Tarifs"},"content":{"rendered":"<p><span style=\"font-size: 18pt; font-family: times new roman, times, serif;\">L&#8217;Accueil de Loisirs de Bons est ouvert \u00e0 chaque p\u00e9riode de vacances scolaires de <span style=\"color: #ff0000;\"><strong>7h30 \u00e0 18h30<\/strong><\/span>, \u00e0 l&#8217;exception de la derni\u00e8re semaine d&#8217;Ao\u00fbt et des jours f\u00e9ri\u00e9s.<\/span><\/p>\n<p><span style=\"font-size: 18pt; font-family: times new roman, times, serif;\">Un accueil \u00e9chelonn\u00e9 est mis en place le matin de 7h30 \u00e0 9h00 et le soir de 17h00 \u00e0 18h30.<\/span><\/p>\n<p><span style=\"font-size: 18pt; font-family: times new roman, times, serif;\">Les inscriptions se font directement sur le Portail Familles, au <strong>minimum 10 jours ouvrables \u00e0 l&#8217;avance<\/strong>.<\/span><\/p>\n<p><span style=\"font-size: 18pt; font-family: times new roman, times, serif;\">Les tarifs pour l&#8217;ann\u00e9e scolaire 2025\/2026 :<\/span><\/p>\n<p class=\"hide-if-no-js\"><a href=\"http:\/\/accueilfolbons.fr\/wp-content\/uploads\/2025\/09\/Tarifs-Vacances-scolaires-2025-2026.pdf\">Tarifs Vacances scolaires 2025-2026<\/a><\/p>\n<p>&nbsp;<\/p>\n","protected":false},"excerpt":{"rendered":"<p>L&#8217;Accueil de Loisirs de Bons est ouvert \u00e0 chaque p\u00e9riode de vacances scolaires de 7h30 \u00e0 18h30, \u00e0 l&#8217;exception de la derni\u00e8re semaine d&#8217;Ao\u00fbt et des jours f\u00e9ri\u00e9s. Un accueil \u00e9chelonn\u00e9 est mis en place le matin de 7h30 \u00e0 9h00 et le soir de 17h00 \u00e0 18h30. Les inscriptions se font directement sur le [&hellip;]<\/p>\n","protected":false},"author":1,"featured_media":0,"parent":6,"menu_order":0,"comment_status":"closed","ping_status":"open","template":"","meta":{"_monsterinsights_skip_tracking":false,"_monsterinsights_sitenote_active":false,"_monsterinsights_sitenote_note":"","_monsterinsights_sitenote_category":0,"footnotes":""},"class_list":["post-2","page","type-page","status-publish","hentry"],"yoast_head":"<!-- This site is optimized with the Yoast SEO plugin v16.4 - https:\/\/yoast.com\/wordpress\/plugins\/seo\/ -->\n<title>Horaires et Tarifs - Accueil de Loisirs de Bons<\/title>\n<meta name=\"robots\" content=\"index, follow, max-snippet:-1, max-image-preview:large, max-video-preview:-1\" \/>\n<link rel=\"canonical\" href=\"https:\/\/accueilfolbons.fr\/?page_id=2\" \/>\n<meta property=\"og:locale\" content=\"en_US\" \/>\n<meta property=\"og:type\" content=\"article\" \/>\n<meta property=\"og:title\" content=\"Horaires et Tarifs - Accueil de Loisirs de Bons\" \/>\n<meta property=\"og:description\" content=\"L&#8217;Accueil de Loisirs de Bons est ouvert \u00e0 chaque p\u00e9riode de vacances scolaires de 7h30 \u00e0 18h30, \u00e0 l&#8217;exception de la derni\u00e8re semaine d&#8217;Ao\u00fbt et des jours f\u00e9ri\u00e9s. Un accueil \u00e9chelonn\u00e9 est mis en place le matin de 7h30 \u00e0 9h00 et le soir de 17h00 \u00e0 18h30. Les inscriptions se font directement sur le [&hellip;]\" \/>\n<meta property=\"og:url\" content=\"https:\/\/accueilfolbons.fr\/?page_id=2\" \/>\n<meta property=\"og:site_name\" content=\"Accueil de Loisirs de Bons\" \/>\n<meta property=\"article:modified_time\" content=\"2025-09-05T09:41:14+00:00\" \/>\n<meta name=\"twitter:card\" content=\"summary_large_image\" \/>\n<meta name=\"twitter:label1\" content=\"Est. reading time\" \/>\n\t<meta name=\"twitter:data1\" content=\"1 minute\" \/>\n<script type=\"application\/ld+json\" class=\"yoast-schema-graph\">{\"@context\":\"https:\/\/schema.org\",\"@graph\":[{\"@type\":\"Organization\",\"@id\":\"https:\/\/accueilfolbons.fr\/#organization\",\"name\":\"FOL Bons en Chablais\",\"url\":\"https:\/\/accueilfolbons.fr\/\",\"sameAs\":[],\"logo\":{\"@type\":\"ImageObject\",\"@id\":\"https:\/\/accueilfolbons.fr\/#logo\",\"inLanguage\":\"en-US\",\"url\":\"http:\/\/accueilfolbons.fr\/wp-content\/uploads\/2019\/03\/Logo-FOL-Bons-en-Chablais-2.jpg\",\"contentUrl\":\"http:\/\/accueilfolbons.fr\/wp-content\/uploads\/2019\/03\/Logo-FOL-Bons-en-Chablais-2.jpg\",\"width\":539,\"height\":525,\"caption\":\"FOL Bons en Chablais\"},\"image\":{\"@id\":\"https:\/\/accueilfolbons.fr\/#logo\"}},{\"@type\":\"WebSite\",\"@id\":\"https:\/\/accueilfolbons.fr\/#website\",\"url\":\"https:\/\/accueilfolbons.fr\/\",\"name\":\"Accueil de Loisirs de Bons\",\"description\":\"P\\u00e9riscolaire - Extrascolaire - Temps M\\u00e9ridien\",\"publisher\":{\"@id\":\"https:\/\/accueilfolbons.fr\/#organization\"},\"inLanguage\":\"en-US\"},{\"@type\":\"WebPage\",\"@id\":\"https:\/\/accueilfolbons.fr\/?page_id=2#webpage\",\"url\":\"https:\/\/accueilfolbons.fr\/?page_id=2\",\"name\":\"Horaires et Tarifs - Accueil de Loisirs de Bons\",\"isPartOf\":{\"@id\":\"https:\/\/accueilfolbons.fr\/#website\"},\"datePublished\":\"2019-03-08T14:00:43+00:00\",\"dateModified\":\"2025-09-05T09:41:14+00:00\",\"breadcrumb\":{\"@id\":\"https:\/\/accueilfolbons.fr\/?page_id=2#breadcrumb\"},\"inLanguage\":\"en-US\",\"potentialAction\":[{\"@type\":\"ReadAction\",\"target\":[\"https:\/\/accueilfolbons.fr\/?page_id=2\"]}]},{\"@type\":\"BreadcrumbList\",\"@id\":\"https:\/\/accueilfolbons.fr\/?page_id=2#breadcrumb\",\"itemListElement\":[{\"@type\":\"ListItem\",\"position\":1,\"item\":{\"@type\":\"WebPage\",\"@id\":\"https:\/\/accueilfolbons.fr\/\",\"url\":\"https:\/\/accueilfolbons.fr\/\",\"name\":\"Accueil\"}},{\"@type\":\"ListItem\",\"position\":2,\"item\":{\"@type\":\"WebPage\",\"@id\":\"https:\/\/accueilfolbons.fr\/?page_id=6\",\"url\":\"https:\/\/accueilfolbons.fr\/?page_id=6\",\"name\":\"Accueil de Loisirs\"}},{\"@type\":\"ListItem\",\"position\":3,\"item\":{\"@id\":\"https:\/\/accueilfolbons.fr\/?page_id=2#webpage\"}}]}]}<\/script>\n<!-- \/ Yoast SEO plugin. -->","_links":{"self":[{"href":"https:\/\/accueilfolbons.fr\/index.php?rest_route=\/wp\/v2\/pages\/2","targetHints":{"allow":["GET"]}}],"collection":[{"href":"https:\/\/accueilfolbons.fr\/index.php?rest_route=\/wp\/v2\/pages"}],"about":[{"href":"https:\/\/accueilfolbons.fr\/index.php?rest_route=\/wp\/v2\/types\/page"}],"author":[{"embeddable":true,"href":"https:\/\/accueilfolbons.fr\/index.php?rest_route=\/wp\/v2\/users\/1"}],"replies":[{"embeddable":true,"href":"https:\/\/accueilfolbons.fr\/index.php?rest_route=%2Fwp%2Fv2%2Fcomments&post=2"}],"version-history":[{"count":24,"href":"https:\/\/accueilfolbons.fr\/index.php?rest_route=\/wp\/v2\/pages\/2\/revisions"}],"predecessor-version":[{"id":1759,"href":"https:\/\/accueilfolbons.fr\/index.php?rest_route=\/wp\/v2\/pages\/2\/revisions\/1759"}],"up":[{"embeddable":true,"href":"https:\/\/accueilfolbons.fr\/index.php?rest_route=\/wp\/v2\/pages\/6"}],"wp:attachment":[{"href":"https:\/\/accueilfolbons.fr\/index.php?rest_route=%2Fwp%2Fv2%2Fmedia&parent=2"}],"curies":[{"name":"wp","href":"https:\/\/api.w.org\/{rel}","templated":true}]}}