{"id":275,"date":"2019-07-25T11:47:46","date_gmt":"2019-07-25T09:47:46","guid":{"rendered":"http:\/\/accueilfolbons.fr\/?page_id=275"},"modified":"2019-07-25T11:47:46","modified_gmt":"2019-07-25T09:47:46","slug":"le-pedt","status":"publish","type":"page","link":"https:\/\/accueilfolbons.fr\/?page_id=275","title":{"rendered":"Le PEDT"},"content":{"rendered":"<p>Le projet \u00e9ducatif territorial (PEDT), mentionn\u00e9 \u00e0 l&#8217;article D. 521-12 du code de l&#8217;\u00e9ducation, formalise une d\u00e9marche permettant aux collectivit\u00e9s territoriales volontaires de proposer \u00e0 chaque enfant un parcours \u00e9ducatif coh\u00e9rent et de qualit\u00e9 avant, pendant et apr\u00e8s l&#8217;\u00e9cole, organisant ainsi, dans le respect des comp\u00e9tences de chacun, la compl\u00e9mentarit\u00e9 des temps \u00e9ducatifs.<\/p>\n<p>Ce projet rel\u00e8ve, \u00e0 l&#8217;initiative de la collectivit\u00e9 territoriale comp\u00e9tente, d&#8217;une d\u00e9marche partenariale avec les services de l&#8217;\u00c9tat concern\u00e9s et l&#8217;ensemble des acteurs \u00e9ducatifs locaux. \u00c0 l&#8217;occasion de la nouvelle organisation du temps scolaire qui se met en place dans les \u00e9coles primaires \u00e0 compter de la rentr\u00e9e 2013, cette d\u00e9marche doit favoriser l&#8217;\u00e9laboration d&#8217;une offre nouvelle d&#8217;activit\u00e9s p\u00e9riscolaires, voire extrascolaires, ou permettre une meilleure mise en coh\u00e9rence de l&#8217;offre existante, dans l&#8217;int\u00e9r\u00eat de l&#8217;enfant. <span style=\"font-size: 8pt;\">(source : Minist\u00e8re de l&#8217;\u00c9ducation Nationale et de la jeunesse)<\/span><\/p>\n<p>L&#8217;Accueil de Loisirs de Bons, partenaire de la mairie sur le champ de la jeunesse, est un des acteurs de la mise en application de ce PEDT, que vous pouvez consulter sur le site de la mairie <a href=\"http:\/\/www.bons-en-chablais.fr\/index.php\/Un-projet-global?idpage=71&amp;afficheMenuContextuel=true\">en cliquant ici.<\/a><\/p>\n<p>&nbsp;<\/p>\n","protected":false},"excerpt":{"rendered":"<p>Le projet \u00e9ducatif territorial (PEDT), mentionn\u00e9 \u00e0 l&#8217;article D. 521-12 du code de l&#8217;\u00e9ducation, formalise une d\u00e9marche permettant aux collectivit\u00e9s territoriales volontaires de proposer \u00e0 chaque enfant un parcours \u00e9ducatif coh\u00e9rent et de qualit\u00e9 avant, pendant et apr\u00e8s l&#8217;\u00e9cole, organisant ainsi, dans le respect des comp\u00e9tences de chacun, la compl\u00e9mentarit\u00e9 des temps \u00e9ducatifs. Ce projet [&hellip;]<\/p>\n","protected":false},"author":1,"featured_media":0,"parent":6,"menu_order":3,"comment_status":"closed","ping_status":"closed","template":"","meta":{"_monsterinsights_skip_tracking":false,"_monsterinsights_sitenote_active":false,"_monsterinsights_sitenote_note":"","_monsterinsights_sitenote_category":0,"footnotes":""},"class_list":["post-275","page","type-page","status-publish","hentry"],"yoast_head":"<!-- This site is optimized with the Yoast SEO plugin v16.4 - https:\/\/yoast.com\/wordpress\/plugins\/seo\/ -->\n<title>Le PEDT - Accueil de Loisirs de Bons<\/title>\n<meta name=\"robots\" content=\"index, follow, max-snippet:-1, max-image-preview:large, max-video-preview:-1\" \/>\n<link rel=\"canonical\" href=\"https:\/\/accueilfolbons.fr\/?page_id=275\" \/>\n<meta property=\"og:locale\" content=\"en_US\" \/>\n<meta property=\"og:type\" content=\"article\" \/>\n<meta property=\"og:title\" content=\"Le PEDT - Accueil de Loisirs de Bons\" \/>\n<meta property=\"og:description\" content=\"Le projet \u00e9ducatif territorial (PEDT), mentionn\u00e9 \u00e0 l&#8217;article D. 521-12 du code de l&#8217;\u00e9ducation, formalise une d\u00e9marche permettant aux collectivit\u00e9s territoriales volontaires de proposer \u00e0 chaque enfant un parcours \u00e9ducatif coh\u00e9rent et de qualit\u00e9 avant, pendant et apr\u00e8s l&#8217;\u00e9cole, organisant ainsi, dans le respect des comp\u00e9tences de chacun, la compl\u00e9mentarit\u00e9 des temps \u00e9ducatifs. Ce projet [&hellip;]\" \/>\n<meta property=\"og:url\" content=\"https:\/\/accueilfolbons.fr\/?page_id=275\" \/>\n<meta property=\"og:site_name\" content=\"Accueil de Loisirs de Bons\" \/>\n<meta name=\"twitter:card\" content=\"summary_large_image\" \/>\n<meta name=\"twitter:label1\" content=\"Est. reading time\" \/>\n\t<meta name=\"twitter:data1\" content=\"1 minute\" \/>\n<script type=\"application\/ld+json\" class=\"yoast-schema-graph\">{\"@context\":\"https:\/\/schema.org\",\"@graph\":[{\"@type\":\"Organization\",\"@id\":\"https:\/\/accueilfolbons.fr\/#organization\",\"name\":\"FOL Bons en Chablais\",\"url\":\"https:\/\/accueilfolbons.fr\/\",\"sameAs\":[],\"logo\":{\"@type\":\"ImageObject\",\"@id\":\"https:\/\/accueilfolbons.fr\/#logo\",\"inLanguage\":\"en-US\",\"url\":\"http:\/\/accueilfolbons.fr\/wp-content\/uploads\/2019\/03\/Logo-FOL-Bons-en-Chablais-2.jpg\",\"contentUrl\":\"http:\/\/accueilfolbons.fr\/wp-content\/uploads\/2019\/03\/Logo-FOL-Bons-en-Chablais-2.jpg\",\"width\":539,\"height\":525,\"caption\":\"FOL Bons en Chablais\"},\"image\":{\"@id\":\"https:\/\/accueilfolbons.fr\/#logo\"}},{\"@type\":\"WebSite\",\"@id\":\"https:\/\/accueilfolbons.fr\/#website\",\"url\":\"https:\/\/accueilfolbons.fr\/\",\"name\":\"Accueil de Loisirs de Bons\",\"description\":\"P\\u00e9riscolaire - Extrascolaire - Temps M\\u00e9ridien\",\"publisher\":{\"@id\":\"https:\/\/accueilfolbons.fr\/#organization\"},\"inLanguage\":\"en-US\"},{\"@type\":\"WebPage\",\"@id\":\"https:\/\/accueilfolbons.fr\/?page_id=275#webpage\",\"url\":\"https:\/\/accueilfolbons.fr\/?page_id=275\",\"name\":\"Le PEDT - Accueil de Loisirs de Bons\",\"isPartOf\":{\"@id\":\"https:\/\/accueilfolbons.fr\/#website\"},\"datePublished\":\"2019-07-25T09:47:46+00:00\",\"dateModified\":\"2019-07-25T09:47:46+00:00\",\"breadcrumb\":{\"@id\":\"https:\/\/accueilfolbons.fr\/?page_id=275#breadcrumb\"},\"inLanguage\":\"en-US\",\"potentialAction\":[{\"@type\":\"ReadAction\",\"target\":[\"https:\/\/accueilfolbons.fr\/?page_id=275\"]}]},{\"@type\":\"BreadcrumbList\",\"@id\":\"https:\/\/accueilfolbons.fr\/?page_id=275#breadcrumb\",\"itemListElement\":[{\"@type\":\"ListItem\",\"position\":1,\"item\":{\"@type\":\"WebPage\",\"@id\":\"https:\/\/accueilfolbons.fr\/\",\"url\":\"https:\/\/accueilfolbons.fr\/\",\"name\":\"Accueil\"}},{\"@type\":\"ListItem\",\"position\":2,\"item\":{\"@type\":\"WebPage\",\"@id\":\"https:\/\/accueilfolbons.fr\/?page_id=6\",\"url\":\"https:\/\/accueilfolbons.fr\/?page_id=6\",\"name\":\"Accueil de Loisirs\"}},{\"@type\":\"ListItem\",\"position\":3,\"item\":{\"@id\":\"https:\/\/accueilfolbons.fr\/?page_id=275#webpage\"}}]}]}<\/script>\n<!-- \/ Yoast SEO plugin. -->","_links":{"self":[{"href":"https:\/\/accueilfolbons.fr\/index.php?rest_route=\/wp\/v2\/pages\/275","targetHints":{"allow":["GET"]}}],"collection":[{"href":"https:\/\/accueilfolbons.fr\/index.php?rest_route=\/wp\/v2\/pages"}],"about":[{"href":"https:\/\/accueilfolbons.fr\/index.php?rest_route=\/wp\/v2\/types\/page"}],"author":[{"embeddable":true,"href":"https:\/\/accueilfolbons.fr\/index.php?rest_route=\/wp\/v2\/users\/1"}],"replies":[{"embeddable":true,"href":"https:\/\/accueilfolbons.fr\/index.php?rest_route=%2Fwp%2Fv2%2Fcomments&post=275"}],"version-history":[{"count":1,"href":"https:\/\/accueilfolbons.fr\/index.php?rest_route=\/wp\/v2\/pages\/275\/revisions"}],"predecessor-version":[{"id":276,"href":"https:\/\/accueilfolbons.fr\/index.php?rest_route=\/wp\/v2\/pages\/275\/revisions\/276"}],"up":[{"embeddable":true,"href":"https:\/\/accueilfolbons.fr\/index.php?rest_route=\/wp\/v2\/pages\/6"}],"wp:attachment":[{"href":"https:\/\/accueilfolbons.fr\/index.php?rest_route=%2Fwp%2Fv2%2Fmedia&parent=275"}],"curies":[{"name":"wp","href":"https:\/\/api.w.org\/{rel}","templated":true}]}}