{"id":6,"date":"2019-03-22T14:51:19","date_gmt":"2019-03-22T13:51:19","guid":{"rendered":"http:\/\/accueilfolbons.fr\/?page_id=6"},"modified":"2025-11-17T11:49:26","modified_gmt":"2025-11-17T10:49:26","slug":"accueil-de-loisirs","status":"publish","type":"page","link":"https:\/\/accueilfolbons.fr\/?page_id=6","title":{"rendered":"Accueil de Loisirs"},"content":{"rendered":"\r\n<p><strong>L&#8217;Accueil de Loisirs de Bons est un Accueil P\u00e9riscolaire et Extrascolaire, pour les enfants de 3 \u00e0 12 ans.<\/strong><\/p>\r\n<p><span style=\"color: #ff0000;\"><strong>Durant la p\u00e9riode scolaire<\/strong><\/span>, nous sommes ouverts les jours de classe de 7h00 \u00e0 8h30 et de 16h15 pour la primaire et 16h30 pour la maternelle, \u00e0 19h00.<br \/>Nous sommes \u00e9galement ouverts le mercredi, de 7h00 \u00e0 19H00, avec un accueil \u00e9chelonn\u00e9 le matin jusque 9h00 et le soir \u00e0 partir de 17h00.<\/p>\r\n<p><span style=\"color: #ff0000;\"><strong>Durant les vacances scolaires<\/strong><\/span>, nous sommes ouverts toute l&#8217;ann\u00e9e, sauf jours f\u00e9ri\u00e9s, la semaine de N\u00f6el et la derni\u00e8re semaine de vacances du mois d&#8217;ao\u00fbt, de 7h00 \u00e0 18H30, avec un accueil \u00e9chelonn\u00e9 le matin jusque 9h00 et le soir \u00e0 partir de 17h00.<\/p>\r\n<p>L&#8217;\u00e9quipe de l&#8217;accueil de loisirs s&#8217;occupe \u00e9galement, depuis la rentr\u00e9e 2018, de la gestion des activit\u00e9s durant la pause m\u00e9ridienne de l&#8217;\u00e9cole primaire publique de Bons, de 11h45 \u00e0 13h30.<\/p>\r\n<p>L&#8217;Accueil de Loisirs de Bons en Chablais est conventionn\u00e9 avec la CAF de Haute Savoie, la PMI (Protection Maternelle et Infantile), la DDCS (Direction D\u00e9partementale de la Coh\u00e9sion Sociale) et respecte donc \u00e0 ce titre les normes d&#8217;encadrement en vigueur.<\/p>\r\n<p>Les inscriptions se font directement sur le portail familles.<\/p>\r\n","protected":false},"excerpt":{"rendered":"<p>L&#8217;Accueil de Loisirs de Bons est un Accueil P\u00e9riscolaire et Extrascolaire, pour les enfants de 3 \u00e0 12 ans. Durant la p\u00e9riode scolaire, nous sommes ouverts les jours de classe de 7h00 \u00e0 8h30 et de 16h15 pour la primaire et 16h30 pour la maternelle, \u00e0 19h00.Nous sommes \u00e9galement ouverts le mercredi, de 7h00 \u00e0 [&hellip;]<\/p>\n","protected":false},"author":1,"featured_media":0,"parent":0,"menu_order":0,"comment_status":"closed","ping_status":"closed","template":"","meta":{"_monsterinsights_skip_tracking":false,"_monsterinsights_sitenote_active":false,"_monsterinsights_sitenote_note":"","_monsterinsights_sitenote_category":0,"footnotes":""},"class_list":["post-6","page","type-page","status-publish","hentry"],"yoast_head":"<!-- This site is optimized with the Yoast SEO plugin v16.4 - https:\/\/yoast.com\/wordpress\/plugins\/seo\/ -->\n<title>Accueil de Loisirs - Accueil de Loisirs de Bons<\/title>\n<meta name=\"robots\" content=\"index, follow, max-snippet:-1, max-image-preview:large, max-video-preview:-1\" \/>\n<link rel=\"canonical\" href=\"https:\/\/accueilfolbons.fr\/?page_id=6\" \/>\n<meta property=\"og:locale\" content=\"en_US\" \/>\n<meta property=\"og:type\" content=\"article\" \/>\n<meta property=\"og:title\" content=\"Accueil de Loisirs - Accueil de Loisirs de Bons\" \/>\n<meta property=\"og:description\" content=\"L&#8217;Accueil de Loisirs de Bons est un Accueil P\u00e9riscolaire et Extrascolaire, pour les enfants de 3 \u00e0 12 ans. Durant la p\u00e9riode scolaire, nous sommes ouverts les jours de classe de 7h00 \u00e0 8h30 et de 16h15 pour la primaire et 16h30 pour la maternelle, \u00e0 19h00.Nous sommes \u00e9galement ouverts le mercredi, de 7h00 \u00e0 [&hellip;]\" \/>\n<meta property=\"og:url\" content=\"https:\/\/accueilfolbons.fr\/?page_id=6\" \/>\n<meta property=\"og:site_name\" content=\"Accueil de Loisirs de Bons\" \/>\n<meta property=\"article:modified_time\" content=\"2025-11-17T10:49:26+00:00\" \/>\n<meta name=\"twitter:card\" content=\"summary_large_image\" \/>\n<meta name=\"twitter:label1\" content=\"Est. reading time\" \/>\n\t<meta name=\"twitter:data1\" content=\"1 minute\" \/>\n<script type=\"application\/ld+json\" class=\"yoast-schema-graph\">{\"@context\":\"https:\/\/schema.org\",\"@graph\":[{\"@type\":\"Organization\",\"@id\":\"https:\/\/accueilfolbons.fr\/#organization\",\"name\":\"FOL Bons en Chablais\",\"url\":\"https:\/\/accueilfolbons.fr\/\",\"sameAs\":[],\"logo\":{\"@type\":\"ImageObject\",\"@id\":\"https:\/\/accueilfolbons.fr\/#logo\",\"inLanguage\":\"en-US\",\"url\":\"http:\/\/accueilfolbons.fr\/wp-content\/uploads\/2019\/03\/Logo-FOL-Bons-en-Chablais-2.jpg\",\"contentUrl\":\"http:\/\/accueilfolbons.fr\/wp-content\/uploads\/2019\/03\/Logo-FOL-Bons-en-Chablais-2.jpg\",\"width\":539,\"height\":525,\"caption\":\"FOL Bons en Chablais\"},\"image\":{\"@id\":\"https:\/\/accueilfolbons.fr\/#logo\"}},{\"@type\":\"WebSite\",\"@id\":\"https:\/\/accueilfolbons.fr\/#website\",\"url\":\"https:\/\/accueilfolbons.fr\/\",\"name\":\"Accueil de Loisirs de Bons\",\"description\":\"P\\u00e9riscolaire - Extrascolaire - Temps M\\u00e9ridien\",\"publisher\":{\"@id\":\"https:\/\/accueilfolbons.fr\/#organization\"},\"inLanguage\":\"en-US\"},{\"@type\":\"WebPage\",\"@id\":\"https:\/\/accueilfolbons.fr\/?page_id=6#webpage\",\"url\":\"https:\/\/accueilfolbons.fr\/?page_id=6\",\"name\":\"Accueil de Loisirs - Accueil de Loisirs de Bons\",\"isPartOf\":{\"@id\":\"https:\/\/accueilfolbons.fr\/#website\"},\"datePublished\":\"2019-03-22T13:51:19+00:00\",\"dateModified\":\"2025-11-17T10:49:26+00:00\",\"breadcrumb\":{\"@id\":\"https:\/\/accueilfolbons.fr\/?page_id=6#breadcrumb\"},\"inLanguage\":\"en-US\",\"potentialAction\":[{\"@type\":\"ReadAction\",\"target\":[\"https:\/\/accueilfolbons.fr\/?page_id=6\"]}]},{\"@type\":\"BreadcrumbList\",\"@id\":\"https:\/\/accueilfolbons.fr\/?page_id=6#breadcrumb\",\"itemListElement\":[{\"@type\":\"ListItem\",\"position\":1,\"item\":{\"@type\":\"WebPage\",\"@id\":\"https:\/\/accueilfolbons.fr\/\",\"url\":\"https:\/\/accueilfolbons.fr\/\",\"name\":\"Accueil\"}},{\"@type\":\"ListItem\",\"position\":2,\"item\":{\"@id\":\"https:\/\/accueilfolbons.fr\/?page_id=6#webpage\"}}]}]}<\/script>\n<!-- \/ Yoast SEO plugin. -->","_links":{"self":[{"href":"https:\/\/accueilfolbons.fr\/index.php?rest_route=\/wp\/v2\/pages\/6","targetHints":{"allow":["GET"]}}],"collection":[{"href":"https:\/\/accueilfolbons.fr\/index.php?rest_route=\/wp\/v2\/pages"}],"about":[{"href":"https:\/\/accueilfolbons.fr\/index.php?rest_route=\/wp\/v2\/types\/page"}],"author":[{"embeddable":true,"href":"https:\/\/accueilfolbons.fr\/index.php?rest_route=\/wp\/v2\/users\/1"}],"replies":[{"embeddable":true,"href":"https:\/\/accueilfolbons.fr\/index.php?rest_route=%2Fwp%2Fv2%2Fcomments&post=6"}],"version-history":[{"count":10,"href":"https:\/\/accueilfolbons.fr\/index.php?rest_route=\/wp\/v2\/pages\/6\/revisions"}],"predecessor-version":[{"id":1814,"href":"https:\/\/accueilfolbons.fr\/index.php?rest_route=\/wp\/v2\/pages\/6\/revisions\/1814"}],"wp:attachment":[{"href":"https:\/\/accueilfolbons.fr\/index.php?rest_route=%2Fwp%2Fv2%2Fmedia&parent=6"}],"curies":[{"name":"wp","href":"https:\/\/api.w.org\/{rel}","templated":true}]}}