{"id":63,"date":"2022-09-02T11:05:06","date_gmt":"2022-09-02T09:05:06","guid":{"rendered":"http:\/\/accueilfolbons.fr\/?page_id=63"},"modified":"2025-09-05T11:39:10","modified_gmt":"2025-09-05T09:39:10","slug":"horaires-et-tarifs","status":"publish","type":"page","link":"https:\/\/accueilfolbons.fr\/?page_id=63","title":{"rendered":"Horaires et Tarifs"},"content":{"rendered":"<p>Chaque Mercredi, durant les p\u00e9riodes scolaires, la FOL organise un accueil pour les enfants de 3 \u00e0 12 ans :<\/p>\n<p>&#8211; dans les locaux du restaurant scolaire de l&#8217;\u00e9cole \u00e9l\u00e9mentaire pour les enfants de plus de 6 ans<br \/>\n&#8211; dans les locaux du restaurant scolaire de l&#8217;\u00e9cole maternelle pour les enfants de moins de 6 ans.<\/p>\n<p>Les inscriptions se font, une fois le dossier compl\u00e9t\u00e9, 7 jours ouvr\u00e9s avant, directement sur le Portail Familles.<\/p>\n<p>L&#8217;Accueil de Loisirs est ouvert de 7h30 \u00e0 18h30, <em>sauf les jours f\u00e9ri\u00e9s<\/em><\/p>\n<p>L\u2019accueil de Loisirs permet un accueil \u00e0 la journ\u00e9e ou \u00e0 la demi-journ\u00e9e avec repas, le mercredi en p\u00e9riode scolaire.<\/p>\n<ul>\n<li>Horaires d\u2019arriv\u00e9e possible des enfants :<br \/>\n&#8211; Le matin de 7h30 \u00e0 9h00 (pour la journ\u00e9e ou la matin\u00e9e)<br \/>\n&#8211; Le midi de 11h45 \u00e0 12h00 (pour la demi-journ\u00e9e apr\u00e8s-midi uniquement)<\/li>\n<li>Horaires de d\u00e9part possible des enfants :<br \/>\n&#8211; Le midi de 13h15 \u00e0 13h30 (pour la demi-journ\u00e9e matin uniquement)<br \/>\n&#8211; Le soir de 17h00 \u00e0 18h30 (pour la journ\u00e9e ou l\u2019apr\u00e8s-midi)<\/li>\n<\/ul>\n<p>Les tarifs pour l&#8217;ann\u00e9e scolaire 2025\/2026 :<\/p>\n<p><a href=\"http:\/\/accueilfolbons.fr\/wp-content\/uploads\/2025\/09\/Tarifs-Mercredi-Loisirs-2025-2026.pdf\">Tarifs Mercredi Loisirs 2025-2026<\/a><\/p>\n<p>&nbsp;<\/p>\n","protected":false},"excerpt":{"rendered":"<p>Chaque Mercredi, durant les p\u00e9riodes scolaires, la FOL organise un accueil pour les enfants de 3 \u00e0 12 ans : &#8211; dans les locaux du restaurant scolaire de l&#8217;\u00e9cole \u00e9l\u00e9mentaire pour les enfants de plus de 6 ans &#8211; dans les locaux du restaurant scolaire de l&#8217;\u00e9cole maternelle pour les enfants de moins de 6 [&hellip;]<\/p>\n","protected":false},"author":1,"featured_media":0,"parent":52,"menu_order":1,"comment_status":"closed","ping_status":"closed","template":"","meta":{"_monsterinsights_skip_tracking":false,"_monsterinsights_sitenote_active":false,"_monsterinsights_sitenote_note":"","_monsterinsights_sitenote_category":0,"footnotes":""},"class_list":["post-63","page","type-page","status-publish","hentry"],"yoast_head":"<!-- This site is optimized with the Yoast SEO plugin v16.4 - https:\/\/yoast.com\/wordpress\/plugins\/seo\/ -->\n<title>Horaires et Tarifs - Accueil de Loisirs de Bons<\/title>\n<meta name=\"robots\" content=\"index, follow, max-snippet:-1, max-image-preview:large, max-video-preview:-1\" \/>\n<link rel=\"canonical\" href=\"https:\/\/accueilfolbons.fr\/?page_id=63\" \/>\n<meta property=\"og:locale\" content=\"en_US\" \/>\n<meta property=\"og:type\" content=\"article\" \/>\n<meta property=\"og:title\" content=\"Horaires et Tarifs - Accueil de Loisirs de Bons\" \/>\n<meta property=\"og:description\" content=\"Chaque Mercredi, durant les p\u00e9riodes scolaires, la FOL organise un accueil pour les enfants de 3 \u00e0 12 ans : &#8211; dans les locaux du restaurant scolaire de l&#8217;\u00e9cole \u00e9l\u00e9mentaire pour les enfants de plus de 6 ans &#8211; dans les locaux du restaurant scolaire de l&#8217;\u00e9cole maternelle pour les enfants de moins de 6 [&hellip;]\" \/>\n<meta property=\"og:url\" content=\"https:\/\/accueilfolbons.fr\/?page_id=63\" \/>\n<meta property=\"og:site_name\" content=\"Accueil de Loisirs de Bons\" \/>\n<meta property=\"article:modified_time\" content=\"2025-09-05T09:39:10+00:00\" \/>\n<meta name=\"twitter:card\" content=\"summary_large_image\" \/>\n<meta name=\"twitter:label1\" content=\"Est. reading time\" \/>\n\t<meta name=\"twitter:data1\" content=\"1 minute\" \/>\n<script type=\"application\/ld+json\" class=\"yoast-schema-graph\">{\"@context\":\"https:\/\/schema.org\",\"@graph\":[{\"@type\":\"Organization\",\"@id\":\"https:\/\/accueilfolbons.fr\/#organization\",\"name\":\"FOL Bons en Chablais\",\"url\":\"https:\/\/accueilfolbons.fr\/\",\"sameAs\":[],\"logo\":{\"@type\":\"ImageObject\",\"@id\":\"https:\/\/accueilfolbons.fr\/#logo\",\"inLanguage\":\"en-US\",\"url\":\"http:\/\/accueilfolbons.fr\/wp-content\/uploads\/2019\/03\/Logo-FOL-Bons-en-Chablais-2.jpg\",\"contentUrl\":\"http:\/\/accueilfolbons.fr\/wp-content\/uploads\/2019\/03\/Logo-FOL-Bons-en-Chablais-2.jpg\",\"width\":539,\"height\":525,\"caption\":\"FOL Bons en Chablais\"},\"image\":{\"@id\":\"https:\/\/accueilfolbons.fr\/#logo\"}},{\"@type\":\"WebSite\",\"@id\":\"https:\/\/accueilfolbons.fr\/#website\",\"url\":\"https:\/\/accueilfolbons.fr\/\",\"name\":\"Accueil de Loisirs de Bons\",\"description\":\"P\\u00e9riscolaire - Extrascolaire - Temps M\\u00e9ridien\",\"publisher\":{\"@id\":\"https:\/\/accueilfolbons.fr\/#organization\"},\"inLanguage\":\"en-US\"},{\"@type\":\"WebPage\",\"@id\":\"https:\/\/accueilfolbons.fr\/?page_id=63#webpage\",\"url\":\"https:\/\/accueilfolbons.fr\/?page_id=63\",\"name\":\"Horaires et Tarifs - Accueil de Loisirs de Bons\",\"isPartOf\":{\"@id\":\"https:\/\/accueilfolbons.fr\/#website\"},\"datePublished\":\"2022-09-02T09:05:06+00:00\",\"dateModified\":\"2025-09-05T09:39:10+00:00\",\"breadcrumb\":{\"@id\":\"https:\/\/accueilfolbons.fr\/?page_id=63#breadcrumb\"},\"inLanguage\":\"en-US\",\"potentialAction\":[{\"@type\":\"ReadAction\",\"target\":[\"https:\/\/accueilfolbons.fr\/?page_id=63\"]}]},{\"@type\":\"BreadcrumbList\",\"@id\":\"https:\/\/accueilfolbons.fr\/?page_id=63#breadcrumb\",\"itemListElement\":[{\"@type\":\"ListItem\",\"position\":1,\"item\":{\"@type\":\"WebPage\",\"@id\":\"https:\/\/accueilfolbons.fr\/\",\"url\":\"https:\/\/accueilfolbons.fr\/\",\"name\":\"Accueil\"}},{\"@type\":\"ListItem\",\"position\":2,\"item\":{\"@type\":\"WebPage\",\"@id\":\"https:\/\/accueilfolbons.fr\/?page_id=52\",\"url\":\"https:\/\/accueilfolbons.fr\/?page_id=52\",\"name\":\"Mercredis Loisirs\"}},{\"@type\":\"ListItem\",\"position\":3,\"item\":{\"@id\":\"https:\/\/accueilfolbons.fr\/?page_id=63#webpage\"}}]}]}<\/script>\n<!-- \/ Yoast SEO plugin. -->","_links":{"self":[{"href":"https:\/\/accueilfolbons.fr\/index.php?rest_route=\/wp\/v2\/pages\/63","targetHints":{"allow":["GET"]}}],"collection":[{"href":"https:\/\/accueilfolbons.fr\/index.php?rest_route=\/wp\/v2\/pages"}],"about":[{"href":"https:\/\/accueilfolbons.fr\/index.php?rest_route=\/wp\/v2\/types\/page"}],"author":[{"embeddable":true,"href":"https:\/\/accueilfolbons.fr\/index.php?rest_route=\/wp\/v2\/users\/1"}],"replies":[{"embeddable":true,"href":"https:\/\/accueilfolbons.fr\/index.php?rest_route=%2Fwp%2Fv2%2Fcomments&post=63"}],"version-history":[{"count":14,"href":"https:\/\/accueilfolbons.fr\/index.php?rest_route=\/wp\/v2\/pages\/63\/revisions"}],"predecessor-version":[{"id":1754,"href":"https:\/\/accueilfolbons.fr\/index.php?rest_route=\/wp\/v2\/pages\/63\/revisions\/1754"}],"up":[{"embeddable":true,"href":"https:\/\/accueilfolbons.fr\/index.php?rest_route=\/wp\/v2\/pages\/52"}],"wp:attachment":[{"href":"https:\/\/accueilfolbons.fr\/index.php?rest_route=%2Fwp%2Fv2%2Fmedia&parent=63"}],"curies":[{"name":"wp","href":"https:\/\/api.w.org\/{rel}","templated":true}]}}